{"id":7459,"date":"2020-11-25T12:10:00","date_gmt":"2020-11-25T11:10:00","guid":{"rendered":"https:\/\/www.ebroresilience.com\/participatory-workshops\/"},"modified":"2023-06-06T16:20:08","modified_gmt":"2023-06-06T14:20:08","slug":"participatory-workshops","status":"publish","type":"page","link":"https:\/\/www.ebroresilience.com\/en\/participate\/participatory-workshops\/","title":{"rendered":"Participatory Workshops"},"content":{"rendered":"\t\t<div data-elementor-type=\"wp-page\" data-elementor-id=\"7459\" class=\"elementor elementor-7459 elementor-1805\" data-elementor-post-type=\"page\">\n\t\t\t\t\t\t<section class=\"elementor-section elementor-top-section elementor-element elementor-element-f0529f5 elementor-section-boxed elementor-section-height-default elementor-section-height-default\" data-id=\"f0529f5\" data-element_type=\"section\" data-e-type=\"section\">\n\t\t\t\t\t\t<div class=\"elementor-container elementor-column-gap-default\">\n\t\t\t\t\t<div class=\"elementor-column elementor-col-100 elementor-top-column elementor-element elementor-element-a816737\" data-id=\"a816737\" data-element_type=\"column\" data-e-type=\"column\">\n\t\t\t<div class=\"elementor-widget-wrap elementor-element-populated\">\n\t\t\t\t\t\t<div class=\"elementor-element elementor-element-b86a98f elementor-widget elementor-widget-heading\" data-id=\"b86a98f\" data-element_type=\"widget\" data-e-type=\"widget\" data-widget_type=\"heading.default\">\n\t\t\t\t<div class=\"elementor-widget-container\">\n\t\t\t\t\t<h2 class=\"elementor-heading-title elementor-size-default\">Participatory Workshops<\/h2>\t\t\t\t<\/div>\n\t\t\t\t<\/div>\n\t\t\t\t\t<\/div>\n\t\t<\/div>\n\t\t\t\t\t<\/div>\n\t\t<\/section>\n\t\t\t\t<section class=\"elementor-section elementor-top-section elementor-element elementor-element-60d51e1 elementor-section-boxed elementor-section-height-default elementor-section-height-default\" data-id=\"60d51e1\" data-element_type=\"section\" data-e-type=\"section\">\n\t\t\t\t\t\t<div class=\"elementor-container elementor-column-gap-default\">\n\t\t\t\t\t<div class=\"elementor-column elementor-col-100 elementor-top-column elementor-element elementor-element-8cecead\" data-id=\"8cecead\" data-element_type=\"column\" data-e-type=\"column\">\n\t\t\t<div class=\"elementor-widget-wrap elementor-element-populated\">\n\t\t\t\t\t\t<div class=\"elementor-element elementor-element-79509fa elementor-widget elementor-widget-text-editor\" data-id=\"79509fa\" data-element_type=\"widget\" data-e-type=\"widget\" data-widget_type=\"text-editor.default\">\n\t\t\t\t<div class=\"elementor-widget-container\">\n\t\t\t\t\t\t\t\t\t<p>The purpose of the Participatory Workshops is to deliberate on the problems of each section, their causes, the proposed actions and the planning of future uses in those areas where actions are proposed within the Ebro Resilience Strategy. They are especially designed for stakeholders but are also open to the general public.<\/p>\n\t\t\t\t\t\t\t\t<\/div>\n\t\t\t\t<\/div>\n\t\t\t\t\t<\/div>\n\t\t<\/div>\n\t\t\t\t\t<\/div>\n\t\t<\/section>\n\t\t\t\t<section class=\"elementor-section elementor-top-section elementor-element elementor-element-ea151a5 elementor-section-boxed elementor-section-height-default elementor-section-height-default\" data-id=\"ea151a5\" data-element_type=\"section\" data-e-type=\"section\">\n\t\t\t\t\t\t<div class=\"elementor-container elementor-column-gap-default\">\n\t\t\t\t\t<div class=\"elementor-column elementor-col-100 elementor-top-column elementor-element elementor-element-c26d11f\" data-id=\"c26d11f\" data-element_type=\"column\" data-e-type=\"column\">\n\t\t\t<div class=\"elementor-widget-wrap elementor-element-populated\">\n\t\t\t\t\t\t<div class=\"elementor-element elementor-element-eb6f130 elementor-widget elementor-widget-shortcode\" data-id=\"eb6f130\" data-element_type=\"widget\" data-e-type=\"widget\" data-widget_type=\"shortcode.default\">\n\t\t\t\t<div class=\"elementor-widget-container\">\n\t\t\t\t\t\t\t<div class=\"elementor-shortcode\"><div class=\"pt-cv-wrapper\"><div class=\"pt-cv-view pt-cv-collapsible\" id=\"pt-cv-view-a680aabg8k\"><div data-id=\"pt-cv-page-1\" class=\"pt-cv-page\" data-cvc=\"1\"><div class=\"panel-group\" id=\"87b91e8jzm\"><div class=\"panel panel-default pt-cv-content-item pt-cv-1-col\"  data-pid=\"9874\">\r\n<div class=\"panel-heading pt-cv-title\">\r\n    <a class=\"panel-title\" data-toggle=\"cvcollapse\" data-parent=\"#87b91e8jzm\" data-target=\"#107edcffpl\" href='https:\/\/www.ebroresilience.com\/en\/actualidad\/life-local-forum-on-future-land-use-in-the-meander-of-el-senorio-castejon-navarre\/' onclick='event.preventDefault()'>\r\n\t\tLIFE &#8211; Local forum on future land use in the meander of El Se\u00f1or\u00edo, Castej\u00f3n (Navarre)\t<\/a>\r\n\t<span class=\"pull-right clickable panel-collapsed\"><i class=\"glyphicon glyphicon-plus\"><\/i><\/span><\/div>\r\n<div id=\"107edcffpl\" class=\"panel-collapse collapse \">\r\n\t<div class=\"panel-body\">\r\n\t\t<a href=\"https:\/\/www.ebroresilience.com\/en\/actualidad\/life-local-forum-on-future-land-use-in-the-meander-of-el-senorio-castejon-navarre\/\" class=\"_self pt-cv-href-thumbnail pt-cv-thumb-default cvplbd\" target=\"_self\" ><img decoding=\"async\" width=\"300\" src=\"https:\/\/www.ebroresilience.com\/wp-content\/uploads\/2024\/02\/WhatsApp-Image-2023-09-11-at-10.00.35-300x225.jpeg\" class=\"pt-cv-thumbnail img-none cvp-substitute no-lazyload \" alt=\"LIFE - Local forum on future land use in the meander of El Se\u00f1or\u00edo, Castej\u00f3n (Navarre)\" title=\"\" \/><\/a>\n<div class=\"pt-cv-content\">From the LIFE Ebro Resilience P1 Project we are involving the local population in the development of the interventions we ...<br \/><div class=\"pt-cv-rmwrap\"><a href=\"https:\/\/www.ebroresilience.com\/en\/actualidad\/life-local-forum-on-future-land-use-in-the-meander-of-el-senorio-castejon-navarre\/\" class=\"_self pt-cv-readmore btn btn-success cvplbd\" target=\"_self\">Read more<\/a><\/div><\/div>\t<\/div>\r\n<\/div><\/div><\/div><\/div><\/div><\/div>\t\t\t<style type=\"text\/css\" id=\"pt-cv-inline-style-0526d35olf\">#pt-cv-view-a680aabg8k .pt-cv-title a, #pt-cv-view-a680aabg8k  .panel-title { font-weight: 600 !important; }\n#pt-cv-view-a680aabg8k .pt-cv-carousel-caption  { background-color: rgba(51,51,51,.6) !important; }\n#pt-cv-view-a680aabg8k .pt-cv-specialp { background-color: #CC3333 !important }\n#pt-cv-view-a680aabg8k .pt-cv-specialp * { color: #fff !important; }\n#pt-cv-view-a680aabg8k .pt-cv-pficon  { color: #bbb !important; }\n#pt-cv-view-a680aabg8k .pt-cv-readmore  { color: #ffffff !important; background-color: #00aeef !important; }\n#pt-cv-view-a680aabg8k .pt-cv-readmore:hover  { color: #ffffff !important; background-color: #00aeef !important; }\n#pt-cv-view-a680aabg8k  + .pt-cv-pagination-wrapper .pt-cv-more , #pt-cv-view-a680aabg8k  + .pt-cv-pagination-wrapper .pagination .active a { color: #ffffff !important; background-color: #00aeef !important; }<\/style>\r\n\t\t\t<\/div>\n\t\t\t\t\t\t<\/div>\n\t\t\t\t<\/div>\n\t\t\t\t\t<\/div>\n\t\t<\/div>\n\t\t\t\t\t<\/div>\n\t\t<\/section>\n\t\t\t\t<\/div>\n\t\t","protected":false},"excerpt":{"rendered":"<p>Participatory Workshops The purpose of the Participatory Workshops is to deliberate on the problems of each section, their causes, the proposed actions and the planning of future uses in those areas where actions are proposed within the Ebro Resilience Strategy.<span class=\"excerpt-hellip\"> [\u2026]<\/span><\/p>\n","protected":false},"author":1,"featured_media":0,"parent":7484,"menu_order":0,"comment_status":"closed","ping_status":"closed","template":"","meta":{"_acf_changed":false,"ngg_post_thumbnail":0,"footnotes":""},"class_list":["post-7459","page","type-page","status-publish","hentry"],"acf":[],"publishpress_future_action":{"enabled":false,"date":"2026-05-08 21:41:04","action":"change-status","newStatus":"draft","terms":[],"taxonomy":"translation_priority","extraData":[]},"publishpress_future_workflow_manual_trigger":{"enabledWorkflows":[]},"_links":{"self":[{"href":"https:\/\/www.ebroresilience.com\/en\/wp-json\/wp\/v2\/pages\/7459","targetHints":{"allow":["GET"]}}],"collection":[{"href":"https:\/\/www.ebroresilience.com\/en\/wp-json\/wp\/v2\/pages"}],"about":[{"href":"https:\/\/www.ebroresilience.com\/en\/wp-json\/wp\/v2\/types\/page"}],"author":[{"embeddable":true,"href":"https:\/\/www.ebroresilience.com\/en\/wp-json\/wp\/v2\/users\/1"}],"replies":[{"embeddable":true,"href":"https:\/\/www.ebroresilience.com\/en\/wp-json\/wp\/v2\/comments?post=7459"}],"version-history":[{"count":11,"href":"https:\/\/www.ebroresilience.com\/en\/wp-json\/wp\/v2\/pages\/7459\/revisions"}],"predecessor-version":[{"id":7597,"href":"https:\/\/www.ebroresilience.com\/en\/wp-json\/wp\/v2\/pages\/7459\/revisions\/7597"}],"up":[{"embeddable":true,"href":"https:\/\/www.ebroresilience.com\/en\/wp-json\/wp\/v2\/pages\/7484"}],"wp:attachment":[{"href":"https:\/\/www.ebroresilience.com\/en\/wp-json\/wp\/v2\/media?parent=7459"}],"curies":[{"name":"wp","href":"https:\/\/api.w.org\/{rel}","templated":true}]}}