{"id":10947,"date":"2024-01-23T08:45:46","date_gmt":"2024-01-23T07:45:46","guid":{"rendered":"https:\/\/www.ebroresilience.com\/participate\/participation-and-life-capabilities-2\/"},"modified":"2024-05-16T12:05:58","modified_gmt":"2024-05-16T10:05:58","slug":"participation-and-life-capabilities","status":"publish","type":"page","link":"https:\/\/www.ebroresilience.com\/en\/participate\/participation-and-life-capabilities\/","title":{"rendered":"Participation and LIFE capabilities"},"content":{"rendered":"\t\t<div data-elementor-type=\"wp-page\" data-elementor-id=\"10947\" class=\"elementor elementor-10947 elementor-9417\" data-elementor-post-type=\"page\">\n\t\t\t\t\t\t<section class=\"elementor-section elementor-top-section elementor-element elementor-element-963682a elementor-section-boxed elementor-section-height-default elementor-section-height-default\" data-id=\"963682a\" data-element_type=\"section\" data-e-type=\"section\">\n\t\t\t\t\t\t<div class=\"elementor-container elementor-column-gap-default\">\n\t\t\t\t\t<div class=\"elementor-column elementor-col-100 elementor-top-column elementor-element elementor-element-4508337\" data-id=\"4508337\" data-element_type=\"column\" data-e-type=\"column\">\n\t\t\t<div class=\"elementor-widget-wrap elementor-element-populated\">\n\t\t\t\t\t\t<div class=\"elementor-element elementor-element-b6d575c elementor-widget elementor-widget-text-editor\" data-id=\"b6d575c\" data-element_type=\"widget\" data-e-type=\"widget\" data-widget_type=\"text-editor.default\">\n\t\t\t\t<div class=\"elementor-widget-container\">\n\t\t\t\t\t\t\t\t\t<h2><span style=\"color: #05aaf0;\">LIFE participation and capacity building<\/span><\/h2>\n<p class=\"MsoNormal\" style=\"text-align: justify; line-height: 2; margin: 12.0pt 0cm 12.0pt 0cm;\"><span style=\"mso-ascii-font-family: Calibri; mso-fareast-font-family: 'Times New Roman'; mso-hansi-font-family: Calibri; mso-bidi-font-family: Calibri; color: black; background: white; mso-fareast-language: ES;\">The LIFE Ebro Resilience P1 project includes participation and social capacity building actions, opening multiple ways for the involvement of the people affected by the floods and all the sectors related to and interested in the phenomenon. These actions aim to help the population to improve or develop strategies and tools for adaptation, recovery and resilience to the Ebro River floods.<\/span><\/p>\n<p class=\"MsoNormal\" style=\"text-align: justify; line-height: 2; margin: 12.0pt 0cm 12.0pt 0cm;\">If you want to participate, please contact lifeebroresiliencep1-participacion@tragsa.es<\/p>\n\t\t\t\t\t\t\t\t<\/div>\n\t\t\t\t<\/div>\n\t\t\t\t\t<\/div>\n\t\t<\/div>\n\t\t\t\t\t<\/div>\n\t\t<\/section>\n\t\t\t\t<\/div>\n\t\t","protected":false},"excerpt":{"rendered":"<p>Participaci\u00f3n y fortalecimiento de capacidades LIFE El proyecto LIFE Ebro Resilience P1 incluye acciones de participaci\u00f3n y fortalecimiento de capacidades sociales, abriendo m\u00faltiples v\u00edas para la implicaci\u00f3n de las personas afectadas por las inundaciones y de todos los sectores relacionados<span class=\"excerpt-hellip\"> [\u2026]<\/span><\/p>\n","protected":false},"author":37,"featured_media":0,"parent":7484,"menu_order":0,"comment_status":"closed","ping_status":"closed","template":"","meta":{"_acf_changed":false,"ngg_post_thumbnail":0,"footnotes":""},"class_list":["post-10947","page","type-page","status-publish","hentry"],"acf":[],"publishpress_future_action":{"enabled":false,"date":"2026-05-13 09:22:03","action":"change-status","newStatus":"draft","terms":[],"taxonomy":"translation_priority","extraData":[]},"publishpress_future_workflow_manual_trigger":{"enabledWorkflows":[]},"_links":{"self":[{"href":"https:\/\/www.ebroresilience.com\/en\/wp-json\/wp\/v2\/pages\/10947","targetHints":{"allow":["GET"]}}],"collection":[{"href":"https:\/\/www.ebroresilience.com\/en\/wp-json\/wp\/v2\/pages"}],"about":[{"href":"https:\/\/www.ebroresilience.com\/en\/wp-json\/wp\/v2\/types\/page"}],"author":[{"embeddable":true,"href":"https:\/\/www.ebroresilience.com\/en\/wp-json\/wp\/v2\/users\/37"}],"replies":[{"embeddable":true,"href":"https:\/\/www.ebroresilience.com\/en\/wp-json\/wp\/v2\/comments?post=10947"}],"version-history":[{"count":3,"href":"https:\/\/www.ebroresilience.com\/en\/wp-json\/wp\/v2\/pages\/10947\/revisions"}],"predecessor-version":[{"id":10950,"href":"https:\/\/www.ebroresilience.com\/en\/wp-json\/wp\/v2\/pages\/10947\/revisions\/10950"}],"up":[{"embeddable":true,"href":"https:\/\/www.ebroresilience.com\/en\/wp-json\/wp\/v2\/pages\/7484"}],"wp:attachment":[{"href":"https:\/\/www.ebroresilience.com\/en\/wp-json\/wp\/v2\/media?parent=10947"}],"curies":[{"name":"wp","href":"https:\/\/api.w.org\/{rel}","templated":true}]}}